{"id":9,"date":"2021-06-13T11:49:10","date_gmt":"2021-06-13T11:49:10","guid":{"rendered":"https:\/\/j1957.de\/?page_id=9"},"modified":"2026-01-04T09:16:56","modified_gmt":"2026-01-04T09:16:56","slug":"termine","status":"publish","type":"page","link":"https:\/\/j1957.de\/?page_id=9","title":{"rendered":"Termine"},"content":{"rendered":"\n<p class=\"has-dark-gray-color has-text-color has-link-color has-larger-font-size wp-elements-226540220290444ab06f41b057847bd1\"><strong>Stammtisch<\/strong><\/p>\n\n\n\n<p>Zu unserem <strong>Stammtisch <\/strong>treffen wir uns im <strong>zweimonatigen Abstand <\/strong>im <strong>Gasthaus Torstuben <\/strong>in <strong>Tettnang<\/strong>. Wir starten um <strong>18.00 Uhr<\/strong>.<\/p>\n\n\n\n<p>Die Termine in <strong>2026 <\/strong>sind:<br><strong>&#8211; 30. Januar<\/strong><br><strong>&#8211; 27. M\u00e4rz<br>&#8211; 29. Mai <br>&#8211; 31. Juli<br>&#8211; 25. September<br>&#8211; 27. November<\/strong><\/p>\n\n\n\n<p>Termine bitte vormerken!<\/p>\n\n\n\n<p>Wir bitten grunds\u00e4tzlich um <strong>Voranmeldung <\/strong>per Mail an <a href=\"mailto:post@j1957.de?subject=&quot;Stammtisch&quot;\">post@j1957.de<\/a> oder \u00fcber das <strong><a href=\"https:\/\/j1957.de\/?page_id=55\">Kontaktformular<\/a>,<\/strong> damit wir auch gen\u00fcgend Platz reservieren k\u00f6nnen.<\/p>\n\n\n\n<p class=\"has-dark-gray-color has-text-color has-link-color has-larger-font-size wp-elements-f572b736d14aa480b8aa829df3bab014\"><strong>Ausflug<\/strong><\/p>\n\n\n\n<p>F\u00fcr einen <strong>Tagesausflug<\/strong> ist noch kein Termin festgelegt. <\/p>\n","protected":false},"excerpt":{"rendered":"<p>Stammtisch Zu unserem Stammtisch treffen wir uns im zweimonatigen Abstand im Gasthaus Torstuben in Tettnang. Wir starten um 18.00 Uhr. Die Termine in 2026 sind:&#8211; 30. Januar&#8211; 27. M\u00e4rz&#8211; 29. Mai &#8211; 31. Juli&#8211; 25. September&#8211; 27. November Termine bitte vormerken! Wir bitten grunds\u00e4tzlich um Voranmeldung per Mail an post@j1957.de oder \u00fcber das Kontaktformular, damit [&hellip;]<\/p>\n","protected":false},"author":1,"featured_media":0,"parent":0,"menu_order":0,"comment_status":"closed","ping_status":"closed","template":"","meta":{"footnotes":""},"class_list":["post-9","page","type-page","status-publish","hentry","post-preview"],"_links":{"self":[{"href":"https:\/\/j1957.de\/index.php?rest_route=\/wp\/v2\/pages\/9","targetHints":{"allow":["GET"]}}],"collection":[{"href":"https:\/\/j1957.de\/index.php?rest_route=\/wp\/v2\/pages"}],"about":[{"href":"https:\/\/j1957.de\/index.php?rest_route=\/wp\/v2\/types\/page"}],"author":[{"embeddable":true,"href":"https:\/\/j1957.de\/index.php?rest_route=\/wp\/v2\/users\/1"}],"replies":[{"embeddable":true,"href":"https:\/\/j1957.de\/index.php?rest_route=%2Fwp%2Fv2%2Fcomments&post=9"}],"version-history":[{"count":41,"href":"https:\/\/j1957.de\/index.php?rest_route=\/wp\/v2\/pages\/9\/revisions"}],"predecessor-version":[{"id":236,"href":"https:\/\/j1957.de\/index.php?rest_route=\/wp\/v2\/pages\/9\/revisions\/236"}],"wp:attachment":[{"href":"https:\/\/j1957.de\/index.php?rest_route=%2Fwp%2Fv2%2Fmedia&parent=9"}],"curies":[{"name":"wp","href":"https:\/\/api.w.org\/{rel}","templated":true}]}}