{"id":55,"date":"2021-12-28T17:54:29","date_gmt":"2021-12-28T17:54:29","guid":{"rendered":"https:\/\/j1957.de\/?page_id=55"},"modified":"2021-12-29T09:01:58","modified_gmt":"2021-12-29T09:01:58","slug":"kontakt","status":"publish","type":"page","link":"https:\/\/j1957.de\/?page_id=55","title":{"rendered":"Kontakt"},"content":{"rendered":"\n<p>Wir f\u00fchren ausschlie\u00dflich eine E-Mail-Benachrichtigungsliste. Um in die Liste aufgenommen zu werden, bitte das Kontaktformular mit Vornamen, Nachnamen und Mailadresse ausf\u00fcllen und an uns senden. Danke.<br>Hinweis: Durch das Absenden erkl\u00e4rst du dein Einverst\u00e4ndis zur Kontaktaufnahme und zum Speichern deiner Daten.<\/p>\n\n\n\n<p>Wir freuen uns auf dich.<\/p>\n\n\n<div class=\"wpforms-container wpforms-container-full wpforms-block\" id=\"wpforms-54\"><form id=\"wpforms-form-54\" class=\"wpforms-validate wpforms-form wpforms-ajax-form\" data-formid=\"54\" method=\"post\" enctype=\"multipart\/form-data\" action=\"\/index.php?rest_route=%2Fwp%2Fv2%2Fpages%2F55\" data-token=\"25e65fc017fb29c5d45fc6968dd444c8\" data-token-time=\"1776352417\"><noscript class=\"wpforms-error-noscript\">Bitte aktiviere JavaScript in deinem Browser, um dieses Formular fertigzustellen.<\/noscript><div class=\"wpforms-field-container\"><div id=\"wpforms-54-field_0-container\" class=\"wpforms-field wpforms-field-name\" data-field-id=\"0\"><label class=\"wpforms-field-label\">Name <span class=\"wpforms-required-label\">*<\/span><\/label><div class=\"wpforms-field-row wpforms-field-medium\"><div class=\"wpforms-field-row-block wpforms-first wpforms-one-half\"><input type=\"text\" id=\"wpforms-54-field_0\" class=\"wpforms-field-name-first wpforms-field-required\" name=\"wpforms[fields][0][first]\" required><label for=\"wpforms-54-field_0\" class=\"wpforms-field-sublabel after\">Vorname<\/label><\/div><div class=\"wpforms-field-row-block wpforms-one-half\"><input type=\"text\" id=\"wpforms-54-field_0-last\" class=\"wpforms-field-name-last wpforms-field-required\" name=\"wpforms[fields][0][last]\" required><label for=\"wpforms-54-field_0-last\" class=\"wpforms-field-sublabel after\">Nachname<\/label><\/div><\/div><\/div><div id=\"wpforms-54-field_1-container\" class=\"wpforms-field wpforms-field-email\" data-field-id=\"1\"><label class=\"wpforms-field-label\" for=\"wpforms-54-field_1\">Email <span class=\"wpforms-required-label\">*<\/span><\/label><input type=\"email\" id=\"wpforms-54-field_1\" class=\"wpforms-field-medium wpforms-field-required\" name=\"wpforms[fields][1]\" spellcheck=\"false\" required><\/div><div id=\"wpforms-54-field_2-container\" class=\"wpforms-field wpforms-field-textarea\" data-field-id=\"2\"><label class=\"wpforms-field-label\" for=\"wpforms-54-field_2\">Deine Nachricht an uns oder erz\u00e4hle uns etwas \u00fcber dich! (optional)<\/label><textarea id=\"wpforms-54-field_2\" class=\"wpforms-field-medium\" name=\"wpforms[fields][2]\" ><\/textarea><\/div><\/div><!-- .wpforms-field-container --><div class=\"wpforms-submit-container\" ><input type=\"hidden\" name=\"wpforms[id]\" value=\"54\"><input type=\"hidden\" name=\"page_title\" value=\"\"><input type=\"hidden\" name=\"page_url\" value=\"https:\/\/j1957.de\/index.php?rest_route=\/wp\/v2\/pages\/55\"><input type=\"hidden\" name=\"url_referer\" value=\"\"><button type=\"submit\" name=\"wpforms[submit]\" id=\"wpforms-submit-54\" class=\"wpforms-submit\" data-alt-text=\"Sending...\" data-submit-text=\"Senden\" aria-live=\"assertive\" value=\"wpforms-submit\">Senden<\/button><img loading=\"lazy\" decoding=\"async\" src=\"https:\/\/j1957.de\/wp-content\/plugins\/wpforms-lite\/assets\/images\/submit-spin.svg\" class=\"wpforms-submit-spinner\" style=\"display: none;\" width=\"26\" height=\"26\" alt=\"Wird geladen\"><\/div><\/form><\/div>  <!-- .wpforms-container -->","protected":false},"excerpt":{"rendered":"<p>Wir f\u00fchren ausschlie\u00dflich eine E-Mail-Benachrichtigungsliste. Um in die Liste aufgenommen zu werden, bitte das Kontaktformular mit Vornamen, Nachnamen und Mailadresse ausf\u00fcllen und an uns senden. Danke.Hinweis: Durch das Absenden erkl\u00e4rst du dein Einverst\u00e4ndis zur Kontaktaufnahme und zum Speichern deiner Daten. Wir freuen uns auf dich.<\/p>\n","protected":false},"author":1,"featured_media":0,"parent":0,"menu_order":0,"comment_status":"closed","ping_status":"closed","template":"","meta":{"footnotes":""},"class_list":["post-55","page","type-page","status-publish","hentry","post-preview"],"_links":{"self":[{"href":"https:\/\/j1957.de\/index.php?rest_route=\/wp\/v2\/pages\/55","targetHints":{"allow":["GET"]}}],"collection":[{"href":"https:\/\/j1957.de\/index.php?rest_route=\/wp\/v2\/pages"}],"about":[{"href":"https:\/\/j1957.de\/index.php?rest_route=\/wp\/v2\/types\/page"}],"author":[{"embeddable":true,"href":"https:\/\/j1957.de\/index.php?rest_route=\/wp\/v2\/users\/1"}],"replies":[{"embeddable":true,"href":"https:\/\/j1957.de\/index.php?rest_route=%2Fwp%2Fv2%2Fcomments&post=55"}],"version-history":[{"count":4,"href":"https:\/\/j1957.de\/index.php?rest_route=\/wp\/v2\/pages\/55\/revisions"}],"predecessor-version":[{"id":176,"href":"https:\/\/j1957.de\/index.php?rest_route=\/wp\/v2\/pages\/55\/revisions\/176"}],"wp:attachment":[{"href":"https:\/\/j1957.de\/index.php?rest_route=%2Fwp%2Fv2%2Fmedia&parent=55"}],"curies":[{"name":"wp","href":"https:\/\/api.w.org\/{rel}","templated":true}]}}